{"id":2452,"date":"2026-01-07T18:23:10","date_gmt":"2026-01-07T18:23:10","guid":{"rendered":"https:\/\/funerariacorona.com\/home\/?page_id=2452"},"modified":"2026-01-07T22:42:52","modified_gmt":"2026-01-07T22:42:52","slug":"servicios","status":"publish","type":"page","link":"https:\/\/funerariacorona.com\/home\/servicios\/","title":{"rendered":"Servicios"},"content":{"rendered":"\t\t<div data-elementor-type=\"wp-page\" data-elementor-id=\"2452\" class=\"elementor elementor-2452\">\n\t\t\t\t\t\t<section class=\"elementor-section elementor-top-section elementor-element elementor-element-48a1da110 elementor-section-height-min-height elementor-section-boxed elementor-section-height-default elementor-section-items-middle wpr-particle-no wpr-jarallax-no wpr-parallax-no wpr-sticky-section-no\" data-id=\"48a1da110\" data-element_type=\"section\" data-e-type=\"section\" data-settings=\"{&quot;background_background&quot;:&quot;classic&quot;}\">\n\t\t\t\t\t\t<div class=\"elementor-container elementor-column-gap-no\">\n\t\t\t\t\t<div class=\"elementor-column elementor-col-100 elementor-top-column elementor-element elementor-element-1eedf\" data-id=\"1eedf\" data-element_type=\"column\" data-e-type=\"column\">\n\t\t\t<div class=\"elementor-widget-wrap elementor-element-populated\">\n\t\t\t\t\t\t<div class=\"elementor-element elementor-element-2b4bf952 wpr-fancy-text-slide wpr-advanced-text-style-animated wpr-animated-text-infinite-yes elementor-widget elementor-widget-wpr-advanced-text\" data-id=\"2b4bf952\" data-element_type=\"widget\" data-e-type=\"widget\" data-settings=\"{&quot;anim_loop&quot;:&quot;yes&quot;}\" data-widget_type=\"wpr-advanced-text.default\">\n\t\t\t\t\t\n\t\t<h3 class=\"wpr-advanced-text\">\n\n\t\t\t\t\t\n\t\t\t\t\t\t\t<span class=\"wpr-advanced-text-preffix\">Servicios de<\/span>\n\t\t\t\n\t\t<span class=\"wpr-anim-text wpr-anim-text-type-slide\" data-anim-duration=\"1000,2000\" data-anim-loop=\"yes\">\n\t\t\t<span class=\"wpr-anim-text-inner\">\n\t\t\t\t\t\t\t\t\t<b>Cremaci\u00f3n<\/b>\n\t\t\t\t\t\t\t\t\t<b>Unidad de Duelo<\/b>\n\t\t\t\t\t\t\t\t\t<b>Florer\u00eda<\/b>\n\t\t\t\t\t\t\t\t\t<b>Traslados<\/b>\n\t\t\t\t\t\t\t\t\t<b>Prevision Funeraria<\/b>\n\t\t\t\t\t\t\t\t\t<b>Asesor\u00eda<\/b>\n\t\t\t\t\t\t\t\t\t<b>Inhumaci\u00f3n <\/b>\n\t\t\t\t\t\t\t<\/span>\n\t\t\t\t\t<\/span>\n\n\t\t\t\t\n\t\t<\/h3>\n\t\t\n\t\t\t\t\t\t<\/div>\n\t\t\t\t\t<\/div>\n\t\t<\/div>\n\t\t\t\t\t<\/div>\n\t\t<\/section>\n\t\t<div class=\"elementor-element elementor-element-1b3feb4b e-flex e-con-boxed wpr-particle-no wpr-jarallax-no wpr-parallax-no wpr-sticky-section-no e-con e-parent\" data-id=\"1b3feb4b\" data-element_type=\"container\" data-e-type=\"container\">\n\t\t\t\t\t<div class=\"e-con-inner\">\n\t\t\t\t<div class=\"elementor-element elementor-element-7168d519 elementor-widget elementor-widget-heading\" data-id=\"7168d519\" data-element_type=\"widget\" data-e-type=\"widget\" data-widget_type=\"heading.default\">\n\t\t\t\t\t<h2 class=\"elementor-heading-title elementor-size-default\">Servicios funerarios integrales\n\n<\/h2>\t\t\t\t<\/div>\n\t\t\t\t<div class=\"elementor-element elementor-element-21ae86d7 elementor-widget elementor-widget-heading\" data-id=\"21ae86d7\" data-element_type=\"widget\" data-e-type=\"widget\" data-widget_type=\"heading.default\">\n\t\t\t\t\t<h2 class=\"elementor-heading-title elementor-size-default\">Nuestros servicios<\/h2>\t\t\t\t<\/div>\n\t\t\t\t<div class=\"elementor-element elementor-element-4338b83d elementor-widget elementor-widget-text-editor\" data-id=\"4338b83d\" data-element_type=\"widget\" data-e-type=\"widget\" data-widget_type=\"text-editor.default\">\n\t\t\t\t\t\t\t\t\t<p>Acompa\u00f1amos a cada familia con soluciones claras, respetuosas y personalizadas: desde la atenci\u00f3n inmediata, hasta la previsi\u00f3n anticipada y los homenajes de vida que honran la esencia de cada ser querido.<\/p>\t\t\t\t\t\t\t\t<\/div>\n\t\t\t\t\t<\/div>\n\t\t\t\t<\/div>\n\t\t<div class=\"elementor-element elementor-element-6844fd26 e-grid e-con-boxed wpr-particle-no wpr-jarallax-no wpr-parallax-no wpr-sticky-section-no e-con e-child\" data-id=\"6844fd26\" data-element_type=\"container\" data-e-type=\"container\">\n\t\t\t\t\t<div class=\"e-con-inner\">\n\t\t\t\t<div class=\"elementor-element elementor-element-1ef2d32e wpr-flip-box-animation-flip wpr-flip-box-animation-3d-yes wpr-flip-box-anim-direction-right wpr-flip-box-front-align-center wpr-flip-box-back-align-center elementor-invisible elementor-widget elementor-widget-wpr-flip-box\" data-id=\"1ef2d32e\" data-element_type=\"widget\" data-e-type=\"widget\" data-settings=\"{&quot;_animation&quot;:&quot;zoomIn&quot;}\" data-widget_type=\"wpr-flip-box.default\">\n\t\t\t\t\t\t\t\t\n\t\t<div class=\"wpr-flip-box\" data-trigger=\"hover\">\n\t\t\t\n\t\t\t<div class=\"wpr-flip-box-item wpr-flip-box-front wpr-anim-timing-ease-default\">\n\n\t\t\t\t<div class=\"wpr-flip-box-overlay\"><\/div>\n\n\t\t\t\t<div class=\"wpr-flip-box-content\">\n\t\t\t\t\t\n\t\t\t\t\t\t\t\t\t\t\n\t\t\t\t\t\n\t\t\t\t\t\t\n\n\t\t\t\t\t\t\n\n\t\t\t\t<\/div>\n\t\t\t<\/div>\n\n\t\t\t<div class=\"wpr-flip-box-item wpr-flip-box-back wpr-anim-timing-ease-default\">\n\n\t\t\t\t<div class=\"wpr-flip-box-overlay\"><\/div>\n\t\t\t\t\n\t\t\t\t<div class=\"wpr-flip-box-content\">\n\t\t\t\t\t\n\t\t\t\t\t\t\t\t\t\t<a class=\"wpr-flip-box-link\" href=\"#\"><\/a>\t\n\t\t\t\t\t\n\t\t\t\t\t\t\t\t\t\t\n\t\t\t\t\t\t\t\t\t\t\t<h3 class=\"wpr-flip-box-title\">\n\t\t\t\t\t\t\tCremaci\u00f3n\t\t\t\t\t\t<\/h3>\n\t\t\t\t\t\n\t\t\t\t\t\t\t\t\t\t\t<div class=\"wpr-flip-box-description\"><article class=\"servicio-card\"><div class=\"servicio-overlay\"><p>Servicio de cremaci\u00f3n con acompa\u00f1amiento integral, opciones conmemorativas y orientaci\u00f3n clara en cada paso para honrar la memoria con respeto y sobriedad.<\/p><\/div><\/article><article class=\"servicio-card\"><\/article><\/div>\t\t\t\t\t\t\n\t\t\t\t\t\t\n\n\t\t\t\t\t\t\n\n\t\t\t\t<\/div>\n\t\t\t<\/div>\n\t\t<\/div>\n\n\t\t\t\t\t\t<\/div>\n\t\t\t\t<div class=\"elementor-element elementor-element-4ddaab9a wpr-flip-box-animation-flip wpr-flip-box-animation-3d-yes wpr-flip-box-anim-direction-right wpr-flip-box-front-align-center wpr-flip-box-back-align-center elementor-invisible elementor-widget elementor-widget-wpr-flip-box\" data-id=\"4ddaab9a\" data-element_type=\"widget\" data-e-type=\"widget\" data-settings=\"{&quot;_animation&quot;:&quot;zoomIn&quot;,&quot;_animation_delay&quot;:100}\" data-widget_type=\"wpr-flip-box.default\">\n\t\t\t\t\t\t\t\t\n\t\t<div class=\"wpr-flip-box\" data-trigger=\"hover\">\n\t\t\t\n\t\t\t<div class=\"wpr-flip-box-item wpr-flip-box-front wpr-anim-timing-ease-default\">\n\n\t\t\t\t<div class=\"wpr-flip-box-overlay\"><\/div>\n\n\t\t\t\t<div class=\"wpr-flip-box-content\">\n\t\t\t\t\t\n\t\t\t\t\t\t\t\t\t\t\n\t\t\t\t\t\n\t\t\t\t\t\t\n\n\t\t\t\t\t\t\n\n\t\t\t\t<\/div>\n\t\t\t<\/div>\n\n\t\t\t<div class=\"wpr-flip-box-item wpr-flip-box-back wpr-anim-timing-ease-default\">\n\n\t\t\t\t<div class=\"wpr-flip-box-overlay\"><\/div>\n\t\t\t\t\n\t\t\t\t<div class=\"wpr-flip-box-content\">\n\t\t\t\t\t\n\t\t\t\t\t\t\t\t\t\t<a class=\"wpr-flip-box-link\" href=\"#\"><\/a>\t\n\t\t\t\t\t\n\t\t\t\t\t\t\t\t\t\t\n\t\t\t\t\t\t\t\t\t\t\t<h3 class=\"wpr-flip-box-title\">\n\t\t\t\t\t\t\tTraslados Nacionales E internacionales\t\t\t\t\t\t<\/h3>\n\t\t\t\t\t\n\t\t\t\t\t\t\t\t\t\t\t<div class=\"wpr-flip-box-description\"><p>Coordinaci\u00f3n completa de traslados dentro del pa\u00eds o desde el extranjero, con log\u00edstica cuidadosa y apoyo en la documentaci\u00f3n necesaria.<\/p><\/div>\t\t\t\t\t\t\n\t\t\t\t\t\t\n\n\t\t\t\t\t\t\n\n\t\t\t\t<\/div>\n\t\t\t<\/div>\n\t\t<\/div>\n\n\t\t\t\t\t\t<\/div>\n\t\t\t\t<div class=\"elementor-element elementor-element-65772d43 wpr-flip-box-animation-flip wpr-flip-box-animation-3d-yes wpr-flip-box-anim-direction-right wpr-flip-box-front-align-center wpr-flip-box-back-align-center elementor-invisible elementor-widget elementor-widget-wpr-flip-box\" data-id=\"65772d43\" data-element_type=\"widget\" data-e-type=\"widget\" data-settings=\"{&quot;_animation&quot;:&quot;zoomIn&quot;,&quot;_animation_delay&quot;:200}\" data-widget_type=\"wpr-flip-box.default\">\n\t\t\t\t\t\t\t\t\n\t\t<div class=\"wpr-flip-box\" data-trigger=\"hover\">\n\t\t\t\n\t\t\t<div class=\"wpr-flip-box-item wpr-flip-box-front wpr-anim-timing-ease-default\">\n\n\t\t\t\t<div class=\"wpr-flip-box-overlay\"><\/div>\n\n\t\t\t\t<div class=\"wpr-flip-box-content\">\n\t\t\t\t\t\n\t\t\t\t\t\t\t\t\t\t\n\t\t\t\t\t\n\t\t\t\t\t\t\n\n\t\t\t\t\t\t\n\n\t\t\t\t<\/div>\n\t\t\t<\/div>\n\n\t\t\t<div class=\"wpr-flip-box-item wpr-flip-box-back wpr-anim-timing-ease-default\">\n\n\t\t\t\t<div class=\"wpr-flip-box-overlay\"><\/div>\n\t\t\t\t\n\t\t\t\t<div class=\"wpr-flip-box-content\">\n\t\t\t\t\t\n\t\t\t\t\t\t\t\t\t\t<a class=\"wpr-flip-box-link\" href=\"#\"><\/a>\t\n\t\t\t\t\t\n\t\t\t\t\t\t\t\t\t\t\n\t\t\t\t\t\t\t\t\t\t\t<h3 class=\"wpr-flip-box-title\">\n\t\t\t\t\t\t\tFlorer\u00eda y Arreglos Especiales\t\t\t\t\t\t<\/h3>\n\t\t\t\t\t\n\t\t\t\t\t\t\t\t\t\t\t<div class=\"wpr-flip-box-description\"><p>Arreglos florales y detalles con significado que acompa\u00f1an el homenaje con elegancia, calidez y un estilo sobrio acorde a cada familia.<\/p><\/div>\t\t\t\t\t\t\n\t\t\t\t\t\t\n\n\t\t\t\t\t\t\n\n\t\t\t\t<\/div>\n\t\t\t<\/div>\n\t\t<\/div>\n\n\t\t\t\t\t\t<\/div>\n\t\t\t\t<div class=\"elementor-element elementor-element-7fd507c0 wpr-flip-box-animation-flip wpr-flip-box-animation-3d-yes wpr-flip-box-anim-direction-right wpr-flip-box-front-align-center wpr-flip-box-back-align-center elementor-invisible elementor-widget elementor-widget-wpr-flip-box\" data-id=\"7fd507c0\" data-element_type=\"widget\" data-e-type=\"widget\" data-settings=\"{&quot;_animation&quot;:&quot;zoomIn&quot;,&quot;_animation_delay&quot;:300}\" data-widget_type=\"wpr-flip-box.default\">\n\t\t\t\t\t\t\t\t\n\t\t<div class=\"wpr-flip-box\" data-trigger=\"hover\">\n\t\t\t\n\t\t\t<div class=\"wpr-flip-box-item wpr-flip-box-front wpr-anim-timing-ease-default\">\n\n\t\t\t\t<div class=\"wpr-flip-box-overlay\"><\/div>\n\n\t\t\t\t<div class=\"wpr-flip-box-content\">\n\t\t\t\t\t\n\t\t\t\t\t\t\t\t\t\t\n\t\t\t\t\t\n\t\t\t\t\t\t\n\n\t\t\t\t\t\t\n\n\t\t\t\t<\/div>\n\t\t\t<\/div>\n\n\t\t\t<div class=\"wpr-flip-box-item wpr-flip-box-back wpr-anim-timing-ease-default\">\n\n\t\t\t\t<div class=\"wpr-flip-box-overlay\"><\/div>\n\t\t\t\t\n\t\t\t\t<div class=\"wpr-flip-box-content\">\n\t\t\t\t\t\n\t\t\t\t\t\t\t\t\t\t<a class=\"wpr-flip-box-link\" href=\"#\"><\/a>\t\n\t\t\t\t\t\n\t\t\t\t\t\t\t\t\t\t\n\t\t\t\t\t\t\t\t\t\t\t<h3 class=\"wpr-flip-box-title\">\n\t\t\t\t\t\t\tUnidad de Duelo\t\t\t\t\t\t<\/h3>\n\t\t\t\t\t\n\t\t\t\t\t\t\t\t\t\t\t<div class=\"wpr-flip-box-description\"><p>Acompa\u00f1amiento psicol\u00f3gico especializado, con sesiones y espacios de apoyo para transitar el duelo de forma m\u00e1s contenida y acompa\u00f1ada.<\/p><\/div>\t\t\t\t\t\t\n\t\t\t\t\t\t\n\n\t\t\t\t\t\t\n\n\t\t\t\t<\/div>\n\t\t\t<\/div>\n\t\t<\/div>\n\n\t\t\t\t\t\t<\/div>\n\t\t\t\t<div class=\"elementor-element elementor-element-282f254 wpr-flip-box-animation-flip wpr-flip-box-animation-3d-yes wpr-flip-box-anim-direction-right wpr-flip-box-front-align-center wpr-flip-box-back-align-center elementor-invisible elementor-widget elementor-widget-wpr-flip-box\" data-id=\"282f254\" data-element_type=\"widget\" data-e-type=\"widget\" data-settings=\"{&quot;_animation&quot;:&quot;zoomIn&quot;,&quot;_animation_delay&quot;:400}\" data-widget_type=\"wpr-flip-box.default\">\n\t\t\t\t\t\t\t\t\n\t\t<div class=\"wpr-flip-box\" data-trigger=\"hover\">\n\t\t\t\n\t\t\t<div class=\"wpr-flip-box-item wpr-flip-box-front wpr-anim-timing-ease-default\">\n\n\t\t\t\t<div class=\"wpr-flip-box-overlay\"><\/div>\n\n\t\t\t\t<div class=\"wpr-flip-box-content\">\n\t\t\t\t\t\n\t\t\t\t\t\t\t\t\t\t\n\t\t\t\t\t\n\t\t\t\t\t\t\n\n\t\t\t\t\t\t\n\n\t\t\t\t<\/div>\n\t\t\t<\/div>\n\n\t\t\t<div class=\"wpr-flip-box-item wpr-flip-box-back wpr-anim-timing-ease-default\">\n\n\t\t\t\t<div class=\"wpr-flip-box-overlay\"><\/div>\n\t\t\t\t\n\t\t\t\t<div class=\"wpr-flip-box-content\">\n\t\t\t\t\t\n\t\t\t\t\t\t\t\t\t\t<a class=\"wpr-flip-box-link\" href=\"#\"><\/a>\t\n\t\t\t\t\t\n\t\t\t\t\t\t\t\t\t\t\n\t\t\t\t\t\t\t\t\t\t\t<h3 class=\"wpr-flip-box-title\">\n\t\t\t\t\t\t\tPrevisi\u00f3n Funeraria \t\t\t\t\t\t<\/h3>\n\t\t\t\t\t\n\t\t\t\t\t\t\t\t\t\t\t<div class=\"wpr-flip-box-description\"><p>Planes de previsi\u00f3n accesibles y flexibles que permiten anticiparse y proteger a la familia, tomando decisiones con calma y acompa\u00f1amiento profesional.<\/p><\/div>\t\t\t\t\t\t\n\t\t\t\t\t\t\n\n\t\t\t\t\t\t\n\n\t\t\t\t<\/div>\n\t\t\t<\/div>\n\t\t<\/div>\n\n\t\t\t\t\t\t<\/div>\n\t\t\t\t<div class=\"elementor-element elementor-element-5441ff38 wpr-flip-box-animation-flip wpr-flip-box-animation-3d-yes wpr-flip-box-anim-direction-right wpr-flip-box-front-align-center wpr-flip-box-back-align-center elementor-invisible elementor-widget elementor-widget-wpr-flip-box\" data-id=\"5441ff38\" data-element_type=\"widget\" data-e-type=\"widget\" data-settings=\"{&quot;_animation&quot;:&quot;zoomIn&quot;,&quot;_animation_delay&quot;:500}\" data-widget_type=\"wpr-flip-box.default\">\n\t\t\t\t\t\t\t\t\n\t\t<div class=\"wpr-flip-box\" data-trigger=\"hover\">\n\t\t\t\n\t\t\t<div class=\"wpr-flip-box-item wpr-flip-box-front wpr-anim-timing-ease-default\">\n\n\t\t\t\t<div class=\"wpr-flip-box-overlay\"><\/div>\n\n\t\t\t\t<div class=\"wpr-flip-box-content\">\n\t\t\t\t\t\n\t\t\t\t\t\t\t\t\t\t\n\t\t\t\t\t\n\t\t\t\t\t\t\n\n\t\t\t\t\t\t\n\n\t\t\t\t<\/div>\n\t\t\t<\/div>\n\n\t\t\t<div class=\"wpr-flip-box-item wpr-flip-box-back wpr-anim-timing-ease-default\">\n\n\t\t\t\t<div class=\"wpr-flip-box-overlay\"><\/div>\n\t\t\t\t\n\t\t\t\t<div class=\"wpr-flip-box-content\">\n\t\t\t\t\t\n\t\t\t\t\t\t\t\t\t\t<a class=\"wpr-flip-box-link\" href=\"#\"><\/a>\t\n\t\t\t\t\t\n\t\t\t\t\t\t\t\t\t\t\n\t\t\t\t\t\t\t\t\t\t\t<h3 class=\"wpr-flip-box-title\">\n\t\t\t\t\t\t\tAtenci\u00f3n Inmediata 24\/7\t\t\t\t\t\t<\/h3>\n\t\t\t\t\t\n\t\t\t\t\t\t\t\t\t\t\t<div class=\"wpr-flip-box-description\"><p>Respuesta r\u00e1pida, profesional y emp\u00e1tica en cualquier momento del d\u00eda, los 365 d\u00edas del a\u00f1o, para apoyarte sin demoras ni complicaciones.<\/p><\/div>\t\t\t\t\t\t\n\t\t\t\t\t\t\n\n\t\t\t\t\t\t\n\n\t\t\t\t<\/div>\n\t\t\t<\/div>\n\t\t<\/div>\n\n\t\t\t\t\t\t<\/div>\n\t\t\t\t<div class=\"elementor-element elementor-element-73e52532 wpr-flip-box-animation-flip wpr-flip-box-animation-3d-yes wpr-flip-box-anim-direction-right wpr-flip-box-front-align-center wpr-flip-box-back-align-center elementor-invisible elementor-widget elementor-widget-wpr-flip-box\" data-id=\"73e52532\" data-element_type=\"widget\" data-e-type=\"widget\" data-settings=\"{&quot;_animation&quot;:&quot;zoomIn&quot;,&quot;_animation_delay&quot;:600}\" data-widget_type=\"wpr-flip-box.default\">\n\t\t\t\t\t\t\t\t\n\t\t<div class=\"wpr-flip-box\" data-trigger=\"hover\">\n\t\t\t\n\t\t\t<div class=\"wpr-flip-box-item wpr-flip-box-front wpr-anim-timing-ease-default\">\n\n\t\t\t\t<div class=\"wpr-flip-box-overlay\"><\/div>\n\n\t\t\t\t<div class=\"wpr-flip-box-content\">\n\t\t\t\t\t\n\t\t\t\t\t\t\t\t\t\t\n\t\t\t\t\t\n\t\t\t\t\t\t\n\n\t\t\t\t\t\t\n\n\t\t\t\t<\/div>\n\t\t\t<\/div>\n\n\t\t\t<div class=\"wpr-flip-box-item wpr-flip-box-back wpr-anim-timing-ease-default\">\n\n\t\t\t\t<div class=\"wpr-flip-box-overlay\"><\/div>\n\t\t\t\t\n\t\t\t\t<div class=\"wpr-flip-box-content\">\n\t\t\t\t\t\n\t\t\t\t\t\t\t\t\t\t<a class=\"wpr-flip-box-link\" href=\"#\"><\/a>\t\n\t\t\t\t\t\n\t\t\t\t\t\t\t\t\t\t\n\t\t\t\t\t\t\t\t\t\t\t<h3 class=\"wpr-flip-box-title\">\n\t\t\t\t\t\t\tAsesor\u00eda en tramites y documentaci\u00f3n \t\t\t\t\t\t<\/h3>\n\t\t\t\t\t\n\t\t\t\t\t\t\t\t\t\t\t<div class=\"wpr-flip-box-description\"><p>Apoyo en la gesti\u00f3n de tr\u00e1mites legales y administrativos, para que la familia no tenga que preocuparse por procesos complejos en momentos sensibles.<\/p><\/div>\t\t\t\t\t\t\n\t\t\t\t\t\t\n\n\t\t\t\t\t\t\n\n\t\t\t\t<\/div>\n\t\t\t<\/div>\n\t\t<\/div>\n\n\t\t\t\t\t\t<\/div>\n\t\t\t\t<div class=\"elementor-element elementor-element-3927dd13 wpr-flip-box-animation-flip wpr-flip-box-animation-3d-yes wpr-flip-box-anim-direction-right wpr-flip-box-front-align-center wpr-flip-box-back-align-center elementor-invisible elementor-widget elementor-widget-wpr-flip-box\" data-id=\"3927dd13\" data-element_type=\"widget\" data-e-type=\"widget\" data-settings=\"{&quot;_animation&quot;:&quot;zoomIn&quot;,&quot;_animation_delay&quot;:700}\" data-widget_type=\"wpr-flip-box.default\">\n\t\t\t\t\t\t\t\t\n\t\t<div class=\"wpr-flip-box\" data-trigger=\"hover\">\n\t\t\t\n\t\t\t<div class=\"wpr-flip-box-item wpr-flip-box-front wpr-anim-timing-ease-default\">\n\n\t\t\t\t<div class=\"wpr-flip-box-overlay\"><\/div>\n\n\t\t\t\t<div class=\"wpr-flip-box-content\">\n\t\t\t\t\t\n\t\t\t\t\t\t\t\t\t\t\n\t\t\t\t\t\n\t\t\t\t\t\t\n\n\t\t\t\t\t\t\n\n\t\t\t\t<\/div>\n\t\t\t<\/div>\n\n\t\t\t<div class=\"wpr-flip-box-item wpr-flip-box-back wpr-anim-timing-ease-default\">\n\n\t\t\t\t<div class=\"wpr-flip-box-overlay\"><\/div>\n\t\t\t\t\n\t\t\t\t<div class=\"wpr-flip-box-content\">\n\t\t\t\t\t\n\t\t\t\t\t\t\t\t\t\t<a class=\"wpr-flip-box-link\" href=\"#\"><\/a>\t\n\t\t\t\t\t\n\t\t\t\t\t\t\t\t\t\t\n\t\t\t\t\t\t\t\t\t\t\t<h3 class=\"wpr-flip-box-title\">\n\t\t\t\t\t\t\tInhumaci\u00f3n \t\t\t\t\t\t<\/h3>\n\t\t\t\t\t\n\t\t\t\t\t\t\t\t\t\t\t<div class=\"wpr-flip-box-description\"><div class=\"servicios-grid\"><article class=\"servicio-card\"><div class=\"servicio-overlay\"><p>Organizaci\u00f3n integral de servicios de inhumaci\u00f3n, respetando creencias, valores familiares y cada decisi\u00f3n importante en el momento de la despedida.<\/p><\/div><\/article><\/div><div class=\"servicios-footer\">\u00a0<\/div><\/div>\t\t\t\t\t\t\n\t\t\t\t\t\t\n\n\t\t\t\t\t\t\n\n\t\t\t\t<\/div>\n\t\t\t<\/div>\n\t\t<\/div>\n\n\t\t\t\t\t\t<\/div>\n\t\t\t\t\t<\/div>\n\t\t\t\t<\/div>\n\t\t<div class=\"elementor-element elementor-element-92742e6 e-con-full e-flex wpr-particle-no wpr-jarallax-no wpr-parallax-no wpr-sticky-section-no e-con e-parent\" data-id=\"92742e6\" data-element_type=\"container\" data-e-type=\"container\" data-settings=\"{&quot;background_background&quot;:&quot;gradient&quot;}\">\n\t\t\t\t<div class=\"elementor-element elementor-element-090e94b content-align-cta-center elementor-invisible elementor-widget elementor-widget-eael-cta-box\" data-id=\"090e94b\" data-element_type=\"widget\" data-e-type=\"widget\" data-settings=\"{&quot;_animation&quot;:&quot;fadeInUp&quot;}\" data-widget_type=\"eael-cta-box.default\">\n\t\t\t\t\t\t\t<div class=\"eael-call-to-action cta-basic bg-lite cta-preset-1\">\n        <h2 class=\"title eael-cta-heading\">Solicita orientaci\u00f3n inmediata<\/h2><p>En los momentos dif\u00edciles, estamos contigo desde el primer contacto: te orientamos para encontrar el servicio que mejor se adapta a tus necesidades y a las de tu familia<\/p><a href=\"#\" class=\"cta-button cta-preset-1  effect-2\">Atenci\u00f3n 24\/7<\/a>\t<\/div>\n\t\t\t\t\t\t\t\t<\/div>\n\t\t\t\t<\/div>\n\t\t<div class=\"elementor-element elementor-element-168ea77 e-con-full e-flex wpr-particle-no wpr-jarallax-no wpr-parallax-no wpr-sticky-section-no e-con e-parent\" data-id=\"168ea77\" data-element_type=\"container\" data-e-type=\"container\">\n\t\t\t\t<div class=\"elementor-element elementor-element-c1ed5e5 elementor-widget elementor-widget-html\" data-id=\"c1ed5e5\" data-element_type=\"widget\" data-e-type=\"widget\" data-widget_type=\"html.default\">\n\t\t\t\t\t<section class=\"corona-full-bg\">\n  <div class=\"corona-form-container\">\n\n    <div class=\"corona-badge\">Registro GRUPO CORONA<\/div>\n\n    <h2 class=\"corona-form-title\">\u00bfDesea recibir m\u00e1s informaci\u00f3n?<\/h2>\n    <p class=\"corona-form-sub\">\n      Complete el siguiente formulario y uno de nuestros asesores se pondr\u00e1 en contacto con usted.\n    <\/p>\n\n    <div class=\"corona-form-card\">\n      <div class=\"corona-iframe-wrap\">\n        <iframe\n          src=\"https:\/\/sales.portal24x7.com\/document.php?module=form&option=optin&action=show&parm1=682&parm2=1\"\n          class=\"corona-form-iframe\"\n          loading=\"lazy\"\n          scrolling=\"auto\"\n          frameborder=\"0\"><\/iframe>\n      <\/div>\n    <\/div>\n\n    <div class=\"corona-note\">Tu informaci\u00f3n est\u00e1 segura. Sin spam.<\/div>\n\n  <\/div>\n<\/section>\n\n<style>\n  :root{\n    --g-900:#0b3b2e;\n    --g-800:#0f4e3b;\n    --shadow: 0 24px 60px rgba(9, 42, 29, 0.35);\n  }\n\n  \/* Fondo general (igual que tu ejemplo que s\u00ed funciona) *\/\n  .corona-full-bg{\n    min-height:70vh;\n    width:100%;\n    display:flex;\n    align-items:center;\n    justify-content:center;\n    padding: clamp(40px, 6vw, 80px) 18px;\n    box-sizing:border-box;\n    position:relative;\n    overflow:hidden;\n    font-family:system-ui, -apple-system, \"Segoe UI\", Inter, Roboto, sans-serif;\n    color:#fff;\n    background: radial-gradient(circle at top, #1b7a5d 0%, #0e4f3c 35%, #082a20 100%);\n  }\n\n  .corona-full-bg::before,\n  .corona-full-bg::after{\n    content:\"\";\n    position:absolute;\n    border-radius:50%;\n    opacity:.7;\n    z-index:0;\n    animation: corona-float 8s ease-in-out infinite;\n  }\n\n  .corona-full-bg::before{\n    width:220px;height:220px;\n    background: radial-gradient(circle, #d6ffe2 0%, rgba(214,255,226,0) 70%);\n    top:-40px; left:-20px;\n  }\n\n  .corona-full-bg::after{\n    width:260px;height:260px;\n    background: radial-gradient(circle, #7de0aa 0%, rgba(125,224,170,0) 70%);\n    bottom:-60px; right:-40px;\n    animation-delay:-2.5s;\n  }\n\n  .corona-form-container{\n    width:100%;\n    max-width:920px;\n    text-align:center;\n    position:relative;\n    z-index:1;\n  }\n\n  .corona-badge{\n    display:inline-flex;\n    align-items:center;\n    justify-content:center;\n    background: rgba(255,255,255,0.10);\n    border: 1px solid rgba(255,255,255,0.18);\n    padding: 6px 14px;\n    border-radius: 999px;\n    font-size: .85rem;\n    font-weight: 700;\n    text-transform: uppercase;\n    letter-spacing: .08em;\n    backdrop-filter: blur(8px);\n    -webkit-backdrop-filter: blur(8px);\n  }\n\n  .corona-form-title{\n    margin:14px 0 8px;\n    font-family: \"Georgia\", serif;\n    font-size: clamp(1.8rem, 1rem + 2vw, 2.8rem);\n    color: #eafff1;\n    text-shadow: 0 10px 28px rgba(0,0,0,.35);\n  }\n\n  .corona-form-sub{\n    margin:0 auto 26px;\n    max-width: 62ch;\n    font-size:1.05rem;\n    opacity:.92;\n  }\n\n  \/* Tarjeta glass *\/\n  .corona-form-card{\n    background: rgba(255,255,255,0.10);\n    backdrop-filter: blur(10px);\n    -webkit-backdrop-filter: blur(10px);\n    border: 1px solid rgba(255,255,255,0.20);\n    border-radius: 22px;\n    padding: clamp(18px, 2.4vw, 28px);\n    box-shadow: 0 20px 52px rgba(0,0,0,0.40);\n  }\n\n  \/* Wrapper del iframe (aqu\u00ed est\u00e1 la magia visual) *\/\n  .corona-iframe-wrap{\n    position:relative;\n    width:100%;\n    border-radius: 16px;\n    overflow:hidden;\n    box-shadow: 0 16px 40px rgba(0,0,0,0.28);\n  }\n\n  \/* Iframe responsive (forzando aunque traiga width\/height) *\/\n  .corona-form-iframe{\n    display:block;\n    width:100% !important;\n    max-width:100% !important;\n    height: 260px !important;\n    border:0 !important;\n    border-radius: 0;\n    background: transparent !important;\n\n    \/* \u2705 \u201cTransparencia visual\u201d REAL *\/\n    opacity: 0.88;\n  }\n\n  \/* \u2705 Tinte encima para que combine con el verde *\/\n  .corona-iframe-wrap::after{\n    content:\"\";\n    position:absolute;\n    inset:0;\n    background: linear-gradient(\n      140deg,\n      rgba(20, 98, 74, 0.18),\n      rgba(231, 255, 223, 0.10)\n    );\n    pointer-events:none;\n  }\n\n  .corona-note{\n    margin-top: 16px;\n    font-size: .92rem;\n    opacity: .88;\n  }\n\n  @keyframes corona-float{\n    0%,100%{ transform: translateY(0); }\n    50%{ transform: translateY(12px); }\n  }\n\n  @media(max-width:640px){\n    .corona-form-iframe{ height: 460px !important; }\n  }\n<\/style>\n\t\t\t\t<\/div>\n\t\t\t\t<\/div>\n\t\t\t\t<\/div>\n\t\t","protected":false},"excerpt":{"rendered":"<p>Servicios de Cremaci\u00f3n Unidad de Duelo Florer\u00eda Traslados Prevision Funeraria Asesor\u00eda Inhumaci\u00f3n Servicios funerarios integrales Nuestros servicios Acompa\u00f1amos a cada familia con soluciones claras, respetuosas y personalizadas: desde la atenci\u00f3n inmediata, hasta la previsi\u00f3n anticipada y los homenajes de vida que honran la esencia de cada ser querido. Cremaci\u00f3n Servicio de cremaci\u00f3n con acompa\u00f1amiento integral, opciones conmemorativas y orientaci\u00f3n clara en cada paso para honrar la memoria con respeto y sobriedad. Traslados Nacionales E internacionales Coordinaci\u00f3n completa de traslados dentro del pa\u00eds o desde el extranjero, con log\u00edstica cuidadosa y apoyo en la documentaci\u00f3n necesaria. Florer\u00eda y Arreglos Especiales Arreglos florales y detalles con significado que acompa\u00f1an el homenaje con elegancia, calidez y un estilo sobrio acorde a cada familia. Unidad de Duelo Acompa\u00f1amiento psicol\u00f3gico especializado, con sesiones y espacios de apoyo para transitar el duelo de forma m\u00e1s contenida y acompa\u00f1ada. Previsi\u00f3n Funeraria Planes de previsi\u00f3n accesibles y flexibles que permiten anticiparse y proteger a la familia, tomando decisiones con calma y acompa\u00f1amiento profesional. Atenci\u00f3n Inmediata 24\/7 Respuesta r\u00e1pida, profesional y emp\u00e1tica en cualquier momento del d\u00eda, los 365 d\u00edas del a\u00f1o, para apoyarte sin demoras ni complicaciones. Asesor\u00eda en tramites y documentaci\u00f3n Apoyo en la gesti\u00f3n de tr\u00e1mites legales y administrativos, para que la familia no tenga que preocuparse por procesos complejos en momentos sensibles. Inhumaci\u00f3n Organizaci\u00f3n integral de servicios de inhumaci\u00f3n, respetando creencias, valores familiares y cada decisi\u00f3n importante en el momento de la despedida. \u00a0 Solicita orientaci\u00f3n inmediata En los momentos dif\u00edciles, estamos contigo desde el primer contacto: te orientamos para encontrar el servicio que mejor se adapta a tus necesidades y a las de tu familia Atenci\u00f3n 24\/7 Registro GRUPO CORONA \u00bfDesea recibir m\u00e1s informaci\u00f3n? Complete el siguiente formulario y uno de nuestros asesores se pondr\u00e1 en contacto con usted. Tu informaci\u00f3n est\u00e1 segura. Sin spam.<\/p>\n","protected":false},"author":1,"featured_media":0,"parent":0,"menu_order":0,"comment_status":"closed","ping_status":"closed","template":"elementor_canvas","meta":{"_eb_attr":"","footnotes":""},"class_list":["post-2452","page","type-page","status-publish","hentry"],"_links":{"self":[{"href":"https:\/\/funerariacorona.com\/home\/wp-json\/wp\/v2\/pages\/2452","targetHints":{"allow":["GET"]}}],"collection":[{"href":"https:\/\/funerariacorona.com\/home\/wp-json\/wp\/v2\/pages"}],"about":[{"href":"https:\/\/funerariacorona.com\/home\/wp-json\/wp\/v2\/types\/page"}],"author":[{"embeddable":true,"href":"https:\/\/funerariacorona.com\/home\/wp-json\/wp\/v2\/users\/1"}],"replies":[{"embeddable":true,"href":"https:\/\/funerariacorona.com\/home\/wp-json\/wp\/v2\/comments?post=2452"}],"version-history":[{"count":19,"href":"https:\/\/funerariacorona.com\/home\/wp-json\/wp\/v2\/pages\/2452\/revisions"}],"predecessor-version":[{"id":2623,"href":"https:\/\/funerariacorona.com\/home\/wp-json\/wp\/v2\/pages\/2452\/revisions\/2623"}],"wp:attachment":[{"href":"https:\/\/funerariacorona.com\/home\/wp-json\/wp\/v2\/media?parent=2452"}],"curies":[{"name":"wp","href":"https:\/\/api.w.org\/{rel}","templated":true}]}}