{"id":2201,"date":"2025-09-18T21:01:06","date_gmt":"2025-09-18T21:01:06","guid":{"rendered":"https:\/\/funerariacorona.com\/home\/?page_id=2201"},"modified":"2025-09-24T21:10:49","modified_gmt":"2025-09-24T21:10:49","slug":"giveaway","status":"publish","type":"page","link":"https:\/\/funerariacorona.com\/home\/giveaway\/","title":{"rendered":"giveaway"},"content":{"rendered":"\t\t<div data-elementor-type=\"wp-page\" data-elementor-id=\"2201\" class=\"elementor elementor-2201\">\n\t\t\t\t<div class=\"elementor-element elementor-element-bbcfcfc e-flex e-con-boxed wpr-particle-no wpr-jarallax-no wpr-parallax-no wpr-sticky-section-no e-con e-parent\" data-id=\"bbcfcfc\" data-element_type=\"container\" data-e-type=\"container\">\n\t\t\t\t\t<div class=\"e-con-inner\">\n\t\t\t\t<div class=\"elementor-element elementor-element-031dc00 elementor-widget elementor-widget-image\" data-id=\"031dc00\" data-element_type=\"widget\" data-e-type=\"widget\" data-widget_type=\"image.default\">\n\t\t\t\t\t\t\t\t\t\t\t\t\t\t\t<img fetchpriority=\"high\" decoding=\"async\" width=\"1920\" height=\"1080\" src=\"https:\/\/funerariacorona.com\/home\/wp-content\/uploads\/2025\/09\/CH-Giveaway-Landing.png\" class=\"attachment-full size-full wp-image-2205\" alt=\"\" srcset=\"https:\/\/funerariacorona.com\/home\/wp-content\/uploads\/2025\/09\/CH-Giveaway-Landing.png 1920w, https:\/\/funerariacorona.com\/home\/wp-content\/uploads\/2025\/09\/CH-Giveaway-Landing-300x169.png 300w, https:\/\/funerariacorona.com\/home\/wp-content\/uploads\/2025\/09\/CH-Giveaway-Landing-1024x576.png 1024w, https:\/\/funerariacorona.com\/home\/wp-content\/uploads\/2025\/09\/CH-Giveaway-Landing-768x432.png 768w, https:\/\/funerariacorona.com\/home\/wp-content\/uploads\/2025\/09\/CH-Giveaway-Landing-1536x864.png 1536w\" sizes=\"100vw\" \/>\t\t\t\t\t\t\t\t\t\t\t\t\t\t\t<\/div>\n\t\t\t\t\t<\/div>\n\t\t\t\t<\/div>\n\t\t<div class=\"elementor-element elementor-element-729a5c0 e-grid e-con-full wpr-particle-no wpr-jarallax-no wpr-parallax-no wpr-sticky-section-no e-con e-parent\" data-id=\"729a5c0\" data-element_type=\"container\" data-e-type=\"container\">\n\t\t<div class=\"elementor-element elementor-element-d71facf e-flex e-con-boxed wpr-particle-no wpr-jarallax-no wpr-parallax-no wpr-sticky-section-no e-con e-child\" data-id=\"d71facf\" data-element_type=\"container\" data-e-type=\"container\">\n\t\t\t\t\t<div class=\"e-con-inner\">\n\t\t\t\t<div class=\"elementor-element elementor-element-162baa8 elementor-widget elementor-widget-heading\" data-id=\"162baa8\" data-element_type=\"widget\" data-e-type=\"widget\" data-widget_type=\"heading.default\">\n\t\t\t\t\t<h2 class=\"elementor-heading-title elementor-size-default\">\u00a1Celebramos 40 a\u00f1os contigo!<\/h2>\t\t\t\t<\/div>\n\t\t\t\t<div class=\"elementor-element elementor-element-79a4dab elementor-widget elementor-widget-heading\" data-id=\"79a4dab\" data-element_type=\"widget\" data-e-type=\"widget\" data-widget_type=\"heading.default\">\n\t\t\t\t\t<h2 class=\"elementor-heading-title elementor-size-default\">Participa en nuestro Giveaway de Aniversario y gana incre\u00edbles premios<\/h2>\t\t\t\t<\/div>\n\t\t\t\t<div class=\"elementor-element elementor-element-9301f4a elementor-widget elementor-widget-text-editor\" data-id=\"9301f4a\" data-element_type=\"widget\" data-e-type=\"widget\" data-widget_type=\"text-editor.default\">\n\t\t\t\t\t\t\t\t\t<p>En Funerarias y Capillas Corona Hnos. celebramos 40 a\u00f1os de Homenajes de Vida y queremos premiar tu lealtad. Participa en nuestro Giveaway exclusivo para clientes y afiliados al corriente en sus cuotas.<\/p><p><b>Premios que te esperan:<\/b><\/p><p><b>1er lugar:<\/b> Una pantalla Smart TV de 32&#8243;<\/p><p><b>2do lugar:<\/b> Una Smart TV de 24&#8243;<\/p><p><b>3er lugar:<\/b> Un dispositivo Alexa Echo Dot de 5ta Generaci\u00f3n.<\/p><p><b>4to lugar:<\/b> Un dispositivo Alexa Echo Pop.<\/p><p><b>5to y 6to lugar:<\/b> Cafetera el\u00e9ctrica para cada ganador.<\/p><p><b>7mo, 8vo y 9no lugar:<\/b> Plancha de vapor y roc\u00edo para cada ganador.<\/p><p><b>10mo y 11vo lugar:<\/b> Un extractor de jugos para cada ganador.<\/p><h3><b>Mec\u00e1nica de participaci\u00f3n:<\/b><\/h3><p>La convocatoria ser\u00e1 lanzada a trav\u00e9s de nuestros canales digitales y por medio de nuestros asesores.<\/p><p>Para participar, solo necesitas seguir estos sencillos pasos:<\/p><ol start=\"1\"><li><p>S\u00e9 afiliado de Corona Hnos. y aseg\u00farate de estar al d\u00eda con tus cuotas al momento de tu registro.<\/p><\/li><li>Reg\u00edstrate en nuestro formulario especial del evento o directamente con uno de nuestros asesores<\/li><\/ol><div>Fechas clave:<\/div><div><b><span class=\"citation-109\">Periodo de registro:<\/span><\/b><span class=\"citation-109 citation-end-109\"> Del 19 de septiembre de 2025 al 08 de diciembre de 2025<\/span>.<\/div><div><b><span class=\"citation-108\">D\u00eda del sorteo:<\/span><\/b> <b><span class=\"citation-108\">16 de diciembre de 2025<\/span><\/b>. <span class=\"citation-107 citation-end-107\">El sorteo se transmitir\u00e1 en vivo a trav\u00e9s de nuestros canales digitales<\/span>.<\/div><div><h3>\u00a0<\/h3><h3><b>T\u00e9rminos y Condiciones:<\/b><\/h3><ul><li><p><span class=\"citation-106 citation-end-106\">Solo pueden participar afiliados de Corona Hnos. que se encuentren al d\u00eda con sus cuotas<\/span><\/p><\/li><li><span class=\"citation-105 citation-end-105\">Cada afiliado puede participar con un \u00fanico registro v\u00e1lido<\/span>.<\/li><li><span class=\"citation-104 citation-end-104\">En caso de que el sistema detecte registros duplicados, solo se conservar\u00e1 el primero<\/span>.<\/li><li>Cada afiliado podr\u00e1 ganar un solo premio. <span class=\"citation-103 citation-end-103\">Si el mismo nombre sale m\u00e1s de una vez, se le asignar\u00e1 el primer premio y el siguiente lugar se volver\u00e1 a sortear<\/span>.<\/li><li><span class=\"citation-102 citation-end-102\">Los ganadores ser\u00e1n contactados de forma oficial y deber\u00e1n responder en un plazo de 5 d\u00edas h\u00e1biles despu\u00e9s del sorteo<\/span>. <span class=\"citation-101 citation-end-101\">Si no responden, el premio ser\u00e1 reasignado con un nuevo sorteo entre los participantes v\u00e1lidos<\/span>.<\/li><li><span class=\"citation-100 citation-end-100\">Para garantizar la transparencia, se realizar\u00e1 una validaci\u00f3n de todos los registros para confirmar que los participantes cumplen con los requisitos<\/span>.<\/li><\/ul><\/div><div>\u00a0<\/div>\t\t\t\t\t\t\t\t<\/div>\n\t\t\t\t\t<\/div>\n\t\t\t\t<\/div>\n\t\t<div class=\"elementor-element elementor-element-8dad545 e-flex e-con-boxed wpr-particle-no wpr-jarallax-no wpr-parallax-no wpr-sticky-section-no e-con e-child\" data-id=\"8dad545\" data-element_type=\"container\" data-e-type=\"container\">\n\t\t\t\t\t<div class=\"e-con-inner\">\n\t\t\t\t<div class=\"elementor-element elementor-element-1b48e35 elementor-widget elementor-widget-html\" data-id=\"1b48e35\" data-element_type=\"widget\" data-e-type=\"widget\" data-widget_type=\"html.default\">\n\t\t\t\t\t<iframe scrolling=\"auto\" src=\"https:\/\/sales.portal24x7.com\/document.php?module=form&option=optin&action=show&parm1=665&parm2=1\" frameborder=\"0\" height=\"400\" width=\"600\"><\/iframe>\t\t\t\t<\/div>\n\t\t\t\t\t<\/div>\n\t\t\t\t<\/div>\n\t\t\t\t<\/div>\n\t\t\t\t<\/div>\n\t\t","protected":false},"excerpt":{"rendered":"<p>\u00a1Celebramos 40 a\u00f1os contigo! Participa en nuestro Giveaway de Aniversario y gana incre\u00edbles premios En Funerarias y Capillas Corona Hnos. celebramos 40 a\u00f1os de Homenajes de Vida y queremos premiar tu lealtad. Participa en nuestro Giveaway exclusivo para clientes y afiliados al corriente en sus cuotas. Premios que te esperan: 1er lugar: Una pantalla Smart TV de 32&#8243; 2do lugar: Una Smart TV de 24&#8243; 3er lugar: Un dispositivo Alexa Echo Dot de 5ta Generaci\u00f3n. 4to lugar: Un dispositivo Alexa Echo Pop. 5to y 6to lugar: Cafetera el\u00e9ctrica para cada ganador. 7mo, 8vo y 9no lugar: Plancha de vapor y roc\u00edo para cada ganador. 10mo y 11vo lugar: Un extractor de jugos para cada ganador. Mec\u00e1nica de participaci\u00f3n: La convocatoria ser\u00e1 lanzada a trav\u00e9s de nuestros canales digitales y por medio de nuestros asesores. Para participar, solo necesitas seguir estos sencillos pasos: S\u00e9 afiliado de Corona Hnos. y aseg\u00farate de estar al d\u00eda con tus cuotas al momento de tu registro. Reg\u00edstrate en nuestro formulario especial del evento o directamente con uno de nuestros asesores Fechas clave:Periodo de registro: Del 19 de septiembre de 2025 al 08 de diciembre de 2025.D\u00eda del sorteo: 16 de diciembre de 2025. El sorteo se transmitir\u00e1 en vivo a trav\u00e9s de nuestros canales digitales. \u00a0 T\u00e9rminos y Condiciones: Solo pueden participar afiliados de Corona Hnos. que se encuentren al d\u00eda con sus cuotas Cada afiliado puede participar con un \u00fanico registro v\u00e1lido. En caso de que el sistema detecte registros duplicados, solo se conservar\u00e1 el primero. Cada afiliado podr\u00e1 ganar un solo premio. Si el mismo nombre sale m\u00e1s de una vez, se le asignar\u00e1 el primer premio y el siguiente lugar se volver\u00e1 a sortear. Los ganadores ser\u00e1n contactados de forma oficial y deber\u00e1n responder en un plazo de 5 d\u00edas h\u00e1biles despu\u00e9s del sorteo. Si no responden, el premio ser\u00e1 reasignado con un nuevo sorteo entre los participantes v\u00e1lidos. Para garantizar la transparencia, se realizar\u00e1 una validaci\u00f3n de todos los registros para confirmar que los participantes cumplen con los requisitos. \u00a0<\/p>\n","protected":false},"author":1,"featured_media":0,"parent":0,"menu_order":0,"comment_status":"closed","ping_status":"closed","template":"elementor_header_footer","meta":{"_eb_attr":"","footnotes":""},"class_list":["post-2201","page","type-page","status-publish","hentry"],"_links":{"self":[{"href":"https:\/\/funerariacorona.com\/home\/wp-json\/wp\/v2\/pages\/2201","targetHints":{"allow":["GET"]}}],"collection":[{"href":"https:\/\/funerariacorona.com\/home\/wp-json\/wp\/v2\/pages"}],"about":[{"href":"https:\/\/funerariacorona.com\/home\/wp-json\/wp\/v2\/types\/page"}],"author":[{"embeddable":true,"href":"https:\/\/funerariacorona.com\/home\/wp-json\/wp\/v2\/users\/1"}],"replies":[{"embeddable":true,"href":"https:\/\/funerariacorona.com\/home\/wp-json\/wp\/v2\/comments?post=2201"}],"version-history":[{"count":59,"href":"https:\/\/funerariacorona.com\/home\/wp-json\/wp\/v2\/pages\/2201\/revisions"}],"predecessor-version":[{"id":2279,"href":"https:\/\/funerariacorona.com\/home\/wp-json\/wp\/v2\/pages\/2201\/revisions\/2279"}],"wp:attachment":[{"href":"https:\/\/funerariacorona.com\/home\/wp-json\/wp\/v2\/media?parent=2201"}],"curies":[{"name":"wp","href":"https:\/\/api.w.org\/{rel}","templated":true}]}}