{"id":2095,"date":"2025-08-19T04:35:19","date_gmt":"2025-08-19T04:35:19","guid":{"rendered":"https:\/\/funerariacorona.com\/home\/?page_id=2095"},"modified":"2026-03-03T17:55:19","modified_gmt":"2026-03-03T17:55:19","slug":"talleres","status":"publish","type":"page","link":"https:\/\/funerariacorona.com\/home\/talleres\/","title":{"rendered":"talleres"},"content":{"rendered":"\t\t<div data-elementor-type=\"wp-page\" data-elementor-id=\"2095\" class=\"elementor elementor-2095\">\n\t\t\t\t<div class=\"elementor-element elementor-element-1746146 e-con-full e-flex wpr-particle-no wpr-jarallax-no wpr-parallax-no wpr-sticky-section-no e-con e-parent\" data-id=\"1746146\" data-element_type=\"container\" data-e-type=\"container\">\n\t\t\t\t<div class=\"elementor-element elementor-element-69b8f49 elementor-widget__width-inherit elementor-hidden-mobile elementor-widget elementor-widget-image\" data-id=\"69b8f49\" data-element_type=\"widget\" data-e-type=\"widget\" data-widget_type=\"image.default\">\n\t\t\t\t\t\t\t\t\t\t\t\t\t\t\t<img fetchpriority=\"high\" decoding=\"async\" width=\"1920\" height=\"1080\" src=\"https:\/\/funerariacorona.com\/home\/wp-content\/uploads\/2025\/12\/LANDING.jpg\" class=\"attachment-full size-full wp-image-2395\" alt=\"\" srcset=\"https:\/\/funerariacorona.com\/home\/wp-content\/uploads\/2025\/12\/LANDING.jpg 1920w, https:\/\/funerariacorona.com\/home\/wp-content\/uploads\/2025\/12\/LANDING-300x169.jpg 300w, https:\/\/funerariacorona.com\/home\/wp-content\/uploads\/2025\/12\/LANDING-1024x576.jpg 1024w, https:\/\/funerariacorona.com\/home\/wp-content\/uploads\/2025\/12\/LANDING-768x432.jpg 768w, https:\/\/funerariacorona.com\/home\/wp-content\/uploads\/2025\/12\/LANDING-1536x864.jpg 1536w\" sizes=\"100vw\" \/>\t\t\t\t\t\t\t\t\t\t\t\t\t\t\t<\/div>\n\t\t\t\t<div class=\"elementor-element elementor-element-6904ce2 elementor-hidden-desktop elementor-hidden-tablet elementor-widget elementor-widget-image\" data-id=\"6904ce2\" data-element_type=\"widget\" data-e-type=\"widget\" data-widget_type=\"image.default\">\n\t\t\t\t\t\t\t\t\t\t\t\t\t\t\t<img decoding=\"async\" width=\"1080\" height=\"1350\" src=\"https:\/\/funerariacorona.com\/home\/wp-content\/uploads\/2025\/12\/POST-FB.jpg\" class=\"attachment-full size-full wp-image-2396\" alt=\"\" srcset=\"https:\/\/funerariacorona.com\/home\/wp-content\/uploads\/2025\/12\/POST-FB.jpg 1080w, https:\/\/funerariacorona.com\/home\/wp-content\/uploads\/2025\/12\/POST-FB-240x300.jpg 240w, https:\/\/funerariacorona.com\/home\/wp-content\/uploads\/2025\/12\/POST-FB-819x1024.jpg 819w, https:\/\/funerariacorona.com\/home\/wp-content\/uploads\/2025\/12\/POST-FB-768x960.jpg 768w\" sizes=\"100vw\" \/>\t\t\t\t\t\t\t\t\t\t\t\t\t\t\t<\/div>\n\t\t<div class=\"elementor-element elementor-element-b716226 e-con-full e-flex wpr-particle-no wpr-jarallax-no wpr-parallax-no wpr-sticky-section-no e-con e-child\" data-id=\"b716226\" data-element_type=\"container\" data-e-type=\"container\">\n\t\t<div class=\"elementor-element elementor-element-2d6560e e-con-full e-flex wpr-particle-no wpr-jarallax-no wpr-parallax-no wpr-sticky-section-no e-con e-child\" data-id=\"2d6560e\" data-element_type=\"container\" data-e-type=\"container\">\n\t\t\t\t<div class=\"elementor-element elementor-element-e61a8cf elementor-widget elementor-widget-heading\" data-id=\"e61a8cf\" data-element_type=\"widget\" data-e-type=\"widget\" data-widget_type=\"heading.default\">\n\t\t\t\t\t<h2 class=\"elementor-heading-title elementor-size-default\">TALLER PRESENCIAL<\/h2>\t\t\t\t<\/div>\n\t\t\t\t<div class=\"elementor-element elementor-element-59e4a12 elementor-widget elementor-widget-heading\" data-id=\"59e4a12\" data-element_type=\"widget\" data-e-type=\"widget\" data-widget_type=\"heading.default\">\n\t\t\t\t\t<h2 class=\"elementor-heading-title elementor-size-default\">\"Una navidad sin ti:\n\u00bfC\u00f3mo no sentirme roto?\"<\/h2>\t\t\t\t<\/div>\n\t\t\t\t<div class=\"elementor-element elementor-element-dbd600c elementor-widget elementor-widget-text-editor\" data-id=\"dbd600c\" data-element_type=\"widget\" data-e-type=\"widget\" data-widget_type=\"text-editor.default\">\n\t\t\t\t\t\t\t\t\t<p data-start=\"46\" data-end=\"310\">En Corona Hnos. \u2013 Homenajes de Vida, sabemos que las fechas especiales pueden despertar emociones profundas cuando alguien importante ya no est\u00e1. Por eso, hemos creado un espacio c\u00e1lido y acompa\u00f1ado para transitar estas fechas de manera m\u00e1s consciente y compasiva.<\/p><p data-start=\"312\" data-end=\"632\">Te invitamos al <span style=\"text-decoration: underline;\"><strong>taller presencial<\/strong><\/span> <strong data-start=\"346\" data-end=\"395\">\u201cUna Navidad sin ti: \u00bfC\u00f3mo no sentirme roto?\u201d<\/strong>, un encuentro guiado por la tanat\u00f3loga <strong data-start=\"435\" data-end=\"461\">Ariadna Velasco Garc\u00eda<\/strong>, quien compartir\u00e1 herramientas pr\u00e1cticas y reflexivas para comprender el dolor, honrar la ausencia y encontrar formas de sostenerte emocionalmente durante esta temporada.<\/p><p data-start=\"634\" data-end=\"738\">Fecha: <strong data-start=\"641\" data-end=\"660\">20 de diciembre<\/strong><br data-start=\"660\" data-end=\"663\" \/>Hora: <strong data-start=\"669\" data-end=\"680\">5:00 pm<\/strong><br data-start=\"680\" data-end=\"683\" \/>Lugar: <span style=\"color: #008000;\"><a style=\"color: #008000;\" href=\"https:\/\/maps.app.goo.gl\/fNr6iKxuT4wPR2DE8?g_st=ipc\"><strong data-start=\"690\" data-end=\"738\">Arboleda Recinto Funerario \u2014 Unidad de Duelo<\/strong><\/a><\/span><\/p><p data-start=\"740\" data-end=\"818\">Para m\u00e1s informaci\u00f3n o para apartar tu lugar, comun\u00edcate al: <strong data-start=\"801\" data-end=\"817\">722 250 6180<\/strong>.<\/p><p data-start=\"820\" data-end=\"914\">Acompa\u00f1arte en tu proceso tambi\u00e9n es una manera de mantener viva la memoria de quienes amaste.<\/p>\t\t\t\t\t\t\t\t<\/div>\n\t\t\t\t<\/div>\n\t\t<div class=\"elementor-element elementor-element-94340a2 e-con-full e-flex wpr-particle-no wpr-jarallax-no wpr-parallax-no wpr-sticky-section-no e-con e-child\" data-id=\"94340a2\" data-element_type=\"container\" data-e-type=\"container\">\n\t\t\t\t<\/div>\n\t\t\t\t<div class=\"elementor-element elementor-element-92841ee elementor-widget__width-initial elementor-widget elementor-widget-html\" data-id=\"92841ee\" data-element_type=\"widget\" data-e-type=\"widget\" data-widget_type=\"html.default\">\n\t\t\t\t\t<iframe scrolling=\"auto\" src=\"https:\/\/sales.portal24x7.com\/document.php?module=form&option=optin&action=show&parm1=658&parm2=1\" frameborder=\"0\" height=\"400\" width=\"600\"><\/iframe>\t\t\t\t<\/div>\n\t\t\t\t<\/div>\n\t\t\t\t<\/div>\n\t\t<div class=\"elementor-element elementor-element-cad985f elementor-hidden-desktop elementor-hidden-tablet elementor-hidden-mobile e-flex e-con-boxed wpr-particle-no wpr-jarallax-no wpr-parallax-no wpr-sticky-section-no e-con e-parent\" data-id=\"cad985f\" data-element_type=\"container\" data-e-type=\"container\">\n\t\t\t\t\t<div class=\"e-con-inner\">\n\t\t<div class=\"elementor-element elementor-element-e5a3025 e-con-full e-flex wpr-particle-no wpr-jarallax-no wpr-parallax-no wpr-sticky-section-no e-con e-child\" data-id=\"e5a3025\" data-element_type=\"container\" data-e-type=\"container\">\n\t\t\t\t<div class=\"elementor-element elementor-element-48ae8cc elementor-widget elementor-widget-image\" data-id=\"48ae8cc\" data-element_type=\"widget\" data-e-type=\"widget\" data-widget_type=\"image.default\">\n\t\t\t\t\t\t\t\t\t\t\t\t\t\t\t<img decoding=\"async\" src=\"https:\/\/coelusmemorial.com\/wp-content\/uploads\/2024\/12\/Imagen-de-WhatsApp-2024-12-03-a-las-11.15.20_61dd7d91.jpg\" title=\"\" alt=\"\" loading=\"lazy\" \/>\t\t\t\t\t\t\t\t\t\t\t\t\t\t\t<\/div>\n\t\t\t\t<\/div>\n\t\t<div class=\"elementor-element elementor-element-9a8cfc6 e-con-full e-flex wpr-particle-no wpr-jarallax-no wpr-parallax-no wpr-sticky-section-no e-con e-child\" data-id=\"9a8cfc6\" data-element_type=\"container\" data-e-type=\"container\">\n\t\t\t\t<div class=\"elementor-element elementor-element-1237693 elementor-widget elementor-widget-heading\" data-id=\"1237693\" data-element_type=\"widget\" data-e-type=\"widget\" data-widget_type=\"heading.default\">\n\t\t\t\t\t<h2 class=\"elementor-heading-title elementor-size-default\">Impartida por:<\/h2>\t\t\t\t<\/div>\n\t\t\t\t<div class=\"elementor-element elementor-element-b009f32 elementor-widget elementor-widget-heading\" data-id=\"b009f32\" data-element_type=\"widget\" data-e-type=\"widget\" data-widget_type=\"heading.default\">\n\t\t\t\t\t<h3 class=\"elementor-heading-title elementor-size-default\">Yaneth Rubio | Psic\u00f3loga especialista en duelos y tanatolog\u00eda<\/h3>\t\t\t\t<\/div>\n\t\t\t\t<div class=\"elementor-element elementor-element-7f2d5b5 elementor-widget elementor-widget-text-editor\" data-id=\"7f2d5b5\" data-element_type=\"widget\" data-e-type=\"widget\" data-widget_type=\"text-editor.default\">\n\t\t\t\t\t\t\t\t\t<p><strong>Enfoco mi trabajo al desarrollo individual y grupal, potenciando en las personas sus habilidades relacionales e interpersonales, con creatividad y liderazgo.\u200b<\/strong><\/p><p>Todo esto inici\u00f3 cuando me di cuenta que vivir en bienestar es posible y tom\u00e9 la decisi\u00f3n de dejar fuera de mi todo lo que no me era \u00fatil, y luego de transitar algunos procesos de sanaci\u00f3n emocional y espiritual puedo declarar que mi vida es armoniosa, abundante y productiva. Me he formado desde la psicolog\u00eda, la tanatolog\u00eda, la terapia familiar, el coaching de vida y la formaci\u00f3n online. \u200b<\/p><p><strong>Misi\u00f3n de vida:<\/strong>\u00a0Inspirar a que el amor es el reconocimiento de que no hay finales, hay nuevos comienzos.\u200b<\/p><p>Actualmente soy\u00a0<em>Directora de Proyectos y Consultor\u00eda para Latinoam\u00e9rica en Fundaci\u00f3n Abrazamos<\/em>\u00a0desde donde se ofrece formaci\u00f3n y acompa\u00f1amiento en duelo.<\/p><p>Escribo para publicaciones en revistas especializadas en temas de duelo, desarrollo personal, desarrollo corporativo. En la atenci\u00f3n del doliente escrib\u00ed el\u00a0<strong><em>protocolo de atenci\u00f3n de servicios funerarios;\u00a0<\/em><\/strong>\u00a0Oriento la implementaci\u00f3n de Unidades de Duelo.\u200b<\/p><p>Acompa\u00f1o desde grupos de apoyo y consulta individual a quienes transitan por el dolor de la p\u00e9rdida significativa.\u200b<\/p>\t\t\t\t\t\t\t\t<\/div>\n\t\t\t\t<\/div>\n\t\t\t\t\t<\/div>\n\t\t\t\t<\/div>\n\t\t\t\t<\/div>\n\t\t","protected":false},"excerpt":{"rendered":"<p>TALLER PRESENCIAL \u00abUna navidad sin ti: \u00bfC\u00f3mo no sentirme roto?\u00bb En Corona Hnos. \u2013 Homenajes de Vida, sabemos que las fechas especiales pueden despertar emociones profundas cuando alguien importante ya no est\u00e1. Por eso, hemos creado un espacio c\u00e1lido y acompa\u00f1ado para transitar estas fechas de manera m\u00e1s consciente y compasiva. Te invitamos al taller presencial \u201cUna Navidad sin ti: \u00bfC\u00f3mo no sentirme roto?\u201d, un encuentro guiado por la tanat\u00f3loga Ariadna Velasco Garc\u00eda, quien compartir\u00e1 herramientas pr\u00e1cticas y reflexivas para comprender el dolor, honrar la ausencia y encontrar formas de sostenerte emocionalmente durante esta temporada. Fecha: 20 de diciembreHora: 5:00 pmLugar: Arboleda Recinto Funerario \u2014 Unidad de Duelo Para m\u00e1s informaci\u00f3n o para apartar tu lugar, comun\u00edcate al: 722 250 6180. Acompa\u00f1arte en tu proceso tambi\u00e9n es una manera de mantener viva la memoria de quienes amaste. Impartida por: Yaneth Rubio | Psic\u00f3loga especialista en duelos y tanatolog\u00eda Enfoco mi trabajo al desarrollo individual y grupal, potenciando en las personas sus habilidades relacionales e interpersonales, con creatividad y liderazgo.\u200b Todo esto inici\u00f3 cuando me di cuenta que vivir en bienestar es posible y tom\u00e9 la decisi\u00f3n de dejar fuera de mi todo lo que no me era \u00fatil, y luego de transitar algunos procesos de sanaci\u00f3n emocional y espiritual puedo declarar que mi vida es armoniosa, abundante y productiva. Me he formado desde la psicolog\u00eda, la tanatolog\u00eda, la terapia familiar, el coaching de vida y la formaci\u00f3n online. \u200b Misi\u00f3n de vida:\u00a0Inspirar a que el amor es el reconocimiento de que no hay finales, hay nuevos comienzos.\u200b Actualmente soy\u00a0Directora de Proyectos y Consultor\u00eda para Latinoam\u00e9rica en Fundaci\u00f3n Abrazamos\u00a0desde donde se ofrece formaci\u00f3n y acompa\u00f1amiento en duelo. Escribo para publicaciones en revistas especializadas en temas de duelo, desarrollo personal, desarrollo corporativo. En la atenci\u00f3n del doliente escrib\u00ed el\u00a0protocolo de atenci\u00f3n de servicios funerarios;\u00a0\u00a0Oriento la implementaci\u00f3n de Unidades de Duelo.\u200b Acompa\u00f1o desde grupos de apoyo y consulta individual a quienes transitan por el dolor de la p\u00e9rdida significativa.\u200b<\/p>\n","protected":false},"author":1,"featured_media":0,"parent":0,"menu_order":0,"comment_status":"closed","ping_status":"closed","template":"elementor_canvas","meta":{"_eb_attr":"","footnotes":""},"class_list":["post-2095","page","type-page","status-publish","hentry"],"_links":{"self":[{"href":"https:\/\/funerariacorona.com\/home\/wp-json\/wp\/v2\/pages\/2095","targetHints":{"allow":["GET"]}}],"collection":[{"href":"https:\/\/funerariacorona.com\/home\/wp-json\/wp\/v2\/pages"}],"about":[{"href":"https:\/\/funerariacorona.com\/home\/wp-json\/wp\/v2\/types\/page"}],"author":[{"embeddable":true,"href":"https:\/\/funerariacorona.com\/home\/wp-json\/wp\/v2\/users\/1"}],"replies":[{"embeddable":true,"href":"https:\/\/funerariacorona.com\/home\/wp-json\/wp\/v2\/comments?post=2095"}],"version-history":[{"count":39,"href":"https:\/\/funerariacorona.com\/home\/wp-json\/wp\/v2\/pages\/2095\/revisions"}],"predecessor-version":[{"id":2780,"href":"https:\/\/funerariacorona.com\/home\/wp-json\/wp\/v2\/pages\/2095\/revisions\/2780"}],"wp:attachment":[{"href":"https:\/\/funerariacorona.com\/home\/wp-json\/wp\/v2\/media?parent=2095"}],"curies":[{"name":"wp","href":"https:\/\/api.w.org\/{rel}","templated":true}]}}