{"id":166,"date":"2024-12-04T21:22:34","date_gmt":"2024-12-04T21:22:34","guid":{"rendered":"https:\/\/coelusmemorial.com\/?page_id=13"},"modified":"2026-04-07T16:50:49","modified_gmt":"2026-04-07T16:50:49","slug":"charlas-virtuales","status":"publish","type":"page","link":"https:\/\/funerariacorona.com\/home\/charlas-virtuales\/","title":{"rendered":"charlas-virtuales"},"content":{"rendered":"\t\t<div data-elementor-type=\"wp-page\" data-elementor-id=\"166\" class=\"elementor elementor-166\">\n\t\t\t\t<div class=\"elementor-element elementor-element-5aac4f5 e-con-full e-flex wpr-particle-no wpr-jarallax-no wpr-parallax-no wpr-sticky-section-no e-con e-parent\" data-id=\"5aac4f5\" data-element_type=\"container\" data-e-type=\"container\">\n\t\t\t\t<div class=\"elementor-element elementor-element-61749ea elementor-widget elementor-widget-html\" data-id=\"61749ea\" data-element_type=\"widget\" data-e-type=\"widget\" data-widget_type=\"html.default\">\n\t\t\t\t\t<!DOCTYPE html>\n<html lang=\"es\" class=\"scroll-smooth\">\n<head>\n    <meta charset=\"UTF-8\">\n    <meta name=\"viewport\" content=\"width=device-width, initial-scale=1.0\">\n    <title>Charla Gratuita: Lo que no te dije antes de partir | Corona Hnos.<\/title>\n    <meta name=\"description\" content=\"Charla gratuita sobre tanatolog\u00eda y duelo: 'Lo que no te dije antes de partir...'. Impartida por Yaneth Rubio. Reg\u00edstrate ahora.\">\n    \n    <!-- Google Fonts -->\n    <link rel=\"preconnect\" href=\"https:\/\/fonts.googleapis.com\">\n    <link rel=\"preconnect\" href=\"https:\/\/fonts.gstatic.com\" crossorigin>\n    <link href=\"https:\/\/fonts.googleapis.com\/css2?family=Inter:wght@300;400;500;600&family=Playfair+Display:ital,wght@0,400;0,600;1,400&display=swap\" rel=\"stylesheet\">\n    \n    <!-- Tailwind CSS (CDN for single file delivery) -->\n    <script src=\"https:\/\/cdn.tailwindcss.com\"><\/script>\n    <script>\n        tailwind.config = {\n            theme: {\n                extend: {\n                    colors: {\n                        brand: {\n                            purple: '#6b62a6', \/\/ Color de la Unidad de Duelo (Colibr\u00ed)\n                            purpleLight: '#f4f3f8',\n                            teal: '#1b5e6b', \/\/ Color de Corona Hnos.\n                        }\n                    },\n                    fontFamily: {\n                        sans: ['Inter', 'sans-serif'],\n                        serif: ['Playfair Display', 'serif'],\n                    }\n                }\n            }\n        }\n    <\/script>\n    <style>\n        \/* Custom styles for specific needs not covered by Tailwind utilities *\/\n        .glass-card {\n            background: rgba(255, 255, 255, 0.95);\n            backdrop-filter: blur(10px);\n        }\n        \/* Iframe responsive wrapper *\/\n        .iframe-container iframe {\n            width: 100% !important;\n            max-width: 600px;\n            height: 400px;\n            border-radius: 0.75rem;\n        }\n    <\/style>\n<\/head>\n<body class=\"font-sans text-gray-800 antialiased bg-brand-purpleLight\">\n\n    <main>\n        <!-- Hero Banners Section -->\n        <section class=\"w-full bg-white relative\">\n            <!-- Responsive Picture Element -->\n            <picture class=\"w-full block\">\n                <!-- Desktop version -->\n                <source media=\"(min-width: 768px)\" srcset=\"https:\/\/funerariacorona.com\/home\/wp-content\/uploads\/2026\/04\/LANDING.jpg\">\n                <!-- Mobile version -->\n                <img decoding=\"async\" src=\"https:\/\/funerariacorona.com\/home\/wp-content\/uploads\/2026\/04\/POST-1X1.jpg\" alt=\"Charla Gratuita: Lo que no te dije antes de partir\" class=\"w-full h-auto object-cover max-h-[80vh] md:max-h-none\">\n            <\/picture>\n        <\/section>\n\n        <!-- Invitation Context Section -->\n        <section class=\"py-16 px-4 sm:px-6 lg:px-8 max-w-4xl mx-auto text-center\">\n            <span class=\"inline-block py-1 px-3 rounded-full bg-purple-100 text-brand-purple text-sm font-semibold mb-6 tracking-wide\">\n                CHARLA GRATUITA\n            <\/span>\n            <h1 class=\"font-serif text-3xl md:text-5xl text-brand-teal font-semibold mb-8 leading-tight\">\n                La despedida no termina con un adi\u00f3s.\n            <\/h1>\n            \n            <div class=\"space-y-6 text-lg text-gray-600 leading-relaxed text-left md:text-center px-2 md:px-12\">\n                <p>\n                    En <strong class=\"text-brand-teal\">Corona Hnos. \u2013 Homenajes de Vida<\/strong>, hemos creado un espacio de encuentro y reflexi\u00f3n para acompa\u00f1arte emocionalmente en uno de los momentos m\u00e1s complejos de la vida: la p\u00e9rdida de un ser querido.\n                <\/p>\n                <p>\n                    Te invitamos a esta charla <strong class=\"text-brand-purple\">\u201cLo que no te dije antes de partir\u2026\u201d<\/strong>, un espacio para reflexionar sobre las palabras, emociones y despedidas que a veces quedan pendientes cuando alguien que amamos ya no est\u00e1.\n                <\/p>\n                <p>\n                    Compartiremos herramientas, respuestas y contenci\u00f3n emocional desde la experiencia y la empat\u00eda.\n                <\/p>\n            <\/div>\n        <\/section>\n\n        <!-- Event Details Highlights -->\n        <section class=\"max-w-5xl mx-auto px-4 sm:px-6 lg:px-8 mb-16\">\n            <div class=\"grid grid-cols-1 md:grid-cols-3 gap-6\">\n                <!-- Date -->\n                <div class=\"bg-white p-6 rounded-2xl shadow-sm border border-gray-100 flex flex-col items-center text-center\">\n                    <div class=\"w-12 h-12 bg-purple-50 rounded-full flex items-center justify-center mb-4 text-brand-purple\">\n                        <svg class=\"w-6 h-6\" fill=\"none\" stroke=\"currentColor\" viewBox=\"0 0 24 24\"><path stroke-linecap=\"round\" stroke-linejoin=\"round\" stroke-width=\"2\" d=\"M8 7V3m8 4V3m-9 8h10M5 21h14a2 2 0 002-2V7a2 2 0 00-2-2H5a2 2 0 00-2 2v12a2 2 0 002 2z\"><\/path><\/svg>\n                    <\/div>\n                    <h3 class=\"font-semibold text-gray-900\">Fecha y Hora<\/h3>\n                    <p class=\"text-gray-600 mt-2\">Jueves 16 de Abril<br>7:30 pm<\/p>\n                <\/div>\n                <!-- Location -->\n                <div class=\"bg-white p-6 rounded-2xl shadow-sm border border-gray-100 flex flex-col items-center text-center\">\n                    <div class=\"w-12 h-12 bg-purple-50 rounded-full flex items-center justify-center mb-4 text-brand-purple\">\n                        <svg class=\"w-6 h-6\" fill=\"none\" stroke=\"currentColor\" viewBox=\"0 0 24 24\"><path stroke-linecap=\"round\" stroke-linejoin=\"round\" stroke-width=\"2\" d=\"M15 10l4.553-2.276A1 1 0 0121 8.618v6.764a1 1 0 01-1.447.894L15 14M5 18h8a2 2 0 002-2V8a2 2 0 00-2-2H5a2 2 0 00-2 2v8a2 2 0 002 2z\"><\/path><\/svg>\n                    <\/div>\n                    <h3 class=\"font-semibold text-gray-900\">Transmisi\u00f3n en Vivo<\/h3>\n                    <p class=\"text-gray-600 mt-2\">V\u00eda Facebook Live y Zoom<\/p>\n                <\/div>\n                <!-- Speaker small -->\n                <div class=\"bg-white p-6 rounded-2xl shadow-sm border border-gray-100 flex flex-col items-center text-center\">\n                    <div class=\"w-12 h-12 bg-purple-50 rounded-full flex items-center justify-center mb-4 text-brand-purple\">\n                        <svg class=\"w-6 h-6\" fill=\"none\" stroke=\"currentColor\" viewBox=\"0 0 24 24\"><path stroke-linecap=\"round\" stroke-linejoin=\"round\" stroke-width=\"2\" d=\"M16 7a4 4 0 11-8 0 4 4 0 018 0zM12 14a7 7 0 00-7 7h14a7 7 0 00-7-7z\"><\/path><\/svg>\n                    <\/div>\n                    <h3 class=\"font-semibold text-gray-900\">Imparte<\/h3>\n                    <p class=\"text-gray-600 mt-2\">Psic. Yaneth Rubio<br><span class=\"text-sm\">Especialista en duelos<\/span><\/p>\n                <\/div>\n            <\/div>\n        <\/section>\n\n        <!-- Registration Form Section -->\n        <section id=\"registro\" class=\"bg-brand-teal py-20 relative overflow-hidden\">\n            <!-- Decorative background elements -->\n            <div class=\"absolute top-0 left-0 w-full h-full overflow-hidden opacity-10 pointer-events-none\">\n                <svg class=\"absolute -top-24 -left-24 w-96 h-96 text-white\" fill=\"currentColor\" viewBox=\"0 0 100 100\"><circle cx=\"50\" cy=\"50\" r=\"50\"\/><\/svg>\n                <svg class=\"absolute -bottom-24 -right-24 w-96 h-96 text-white\" fill=\"currentColor\" viewBox=\"0 0 100 100\"><circle cx=\"50\" cy=\"50\" r=\"50\"\/><\/svg>\n            <\/div>\n\n            <div class=\"max-w-4xl mx-auto px-4 sm:px-6 lg:px-8 relative z-10\">\n                <div class=\"text-center mb-10\">\n                    <h2 class=\"font-serif text-3xl md:text-4xl text-white font-semibold mb-4\">Reserva tu acceso gratuito<\/h2>\n                    <p class=\"text-teal-100 text-lg\">Reg\u00edstrate en el formulario debajo y recibir\u00e1s el enlace de acceso directamente en tu correo electr\u00f3nico.<\/p>\n                <\/div>\n\n                <!-- Form Wrapper (Card) -->\n                <div class=\"bg-white rounded-2xl shadow-2xl p-4 md:p-8 flex justify-center iframe-container border-t-4 border-brand-purple\">\n                    <iframe \n                        scrolling=\"auto\" \n                        src=\"https:\/\/sales.portal24x7.com\/document.php?module=form&option=optin&action=show&parm1=658&parm2=2\" \n                        frameborder=\"0\" \n                        title=\"Formulario de registro para la charla tanatol\u00f3gica\">\n                    <\/iframe>\n                <\/div>\n            <\/div>\n        <\/section>\n\n        <!-- Speaker Section -->\n        <section class=\"py-20 px-4 sm:px-6 lg:px-8 max-w-6xl mx-auto\">\n            <div class=\"flex flex-col lg:flex-row items-start gap-12\">\n                <!-- Image -->\n                <div class=\"w-full lg:w-1\/3 flex justify-center\">\n                    <div class=\"relative\">\n                        <div class=\"absolute inset-0 bg-brand-purple rounded-full transform translate-x-4 translate-y-4 opacity-20\"><\/div>\n                        <img decoding=\"async\" src=\"https:\/\/coelusmemorial.com\/wp-content\/uploads\/2024\/12\/Imagen-de-WhatsApp-2024-12-03-a-las-11.15.20_61dd7d91.jpg\" alt=\"Psic\u00f3loga Yaneth Rubio\" class=\"relative rounded-full w-64 h-64 object-cover shadow-xl border-4 border-white z-10\">\n                    <\/div>\n                <\/div>\n                \n                <!-- Bio -->\n                <div class=\"w-full lg:w-2\/3\">\n                    <h2 class=\"font-serif text-3xl text-brand-teal font-semibold mb-2\">Conoce a la Ponente<\/h2>\n                    <h3 class=\"text-xl text-brand-purple font-medium mb-6\">Yaneth Rubio<\/h3>\n                    \n                    <div class=\"space-y-4 text-gray-600 leading-relaxed\">\n                        <p>\n                            Enfoco mi trabajo al desarrollo individual y grupal, potenciando en las personas sus habilidades relacionales e interpersonales, con creatividad y liderazgo.\n                        <\/p>\n                        <p>\n                            Todo esto inici\u00f3 cuando me di cuenta que vivir en bienestar es posible y tom\u00e9 la decisi\u00f3n de dejar fuera de m\u00ed todo lo que no me era \u00fatil. Luego de transitar procesos de sanaci\u00f3n emocional y espiritual, puedo declarar que mi vida es armoniosa, abundante y productiva. Me he formado desde la psicolog\u00eda, la tanatolog\u00eda, la terapia familiar, el coaching de vida y la formaci\u00f3n online.\n                        <\/p>\n                        \n                        <blockquote class=\"pl-4 py-2 border-l-4 border-brand-purple bg-purple-50 italic text-gray-700 rounded-r-lg my-6\">\n                            <strong>Misi\u00f3n de vida:<\/strong> \"Inspirar a que el amor es el reconocimiento de que no hay finales, hay nuevos comienzos.\"\n                        <\/blockquote>\n                        \n                        <p>\n                            Actualmente soy <strong>Directora de Proyectos y Consultor\u00eda para Latinoam\u00e9rica en Fundaci\u00f3n Abrazamos<\/strong>, desde donde se ofrece formaci\u00f3n y acompa\u00f1amiento en duelo. Escribo para publicaciones en revistas especializadas en temas de duelo, desarrollo personal y corporativo.\n                        <\/p>\n                        <p>\n                            En la atenci\u00f3n del doliente escrib\u00ed el protocolo de atenci\u00f3n de servicios funerarios y oriento la implementaci\u00f3n de Unidades de Duelo. Acompa\u00f1o desde grupos de apoyo y consulta individual a quienes transitan por el dolor de la p\u00e9rdida significativa.\n                        <\/p>\n                    <\/div>\n                <\/div>\n            <\/div>\n        <\/section>\n\n        <!-- Final Message -->\n        <section class=\"bg-gray-50 py-16 text-center px-4\">\n            <div class=\"max-w-3xl mx-auto\">\n                <svg class=\"w-12 h-12 text-brand-purple mx-auto mb-6 opacity-50\" fill=\"currentColor\" viewBox=\"0 0 24 24\"><path d=\"M12 21.35l-1.45-1.32C5.4 15.36 2 12.28 2 8.5 2 5.42 4.42 3 7.5 3c1.74 0 3.41.81 4.5 2.09C13.09 3.81 14.76 3 16.5 3 19.58 3 22 5.42 22 8.5c0 3.78-3.4 6.86-8.55 11.54L12 21.35z\"\/><\/svg>\n                <h2 class=\"font-serif text-2xl md:text-3xl text-gray-800 font-medium mb-6\">\n                    Acompa\u00f1arte en tu proceso es nuestra manera de honrar la memoria de quienes ya no est\u00e1n.\n                <\/h2>\n                <a href=\"#registro\" class=\"inline-block mt-4 bg-brand-teal text-white px-8 py-3 rounded-full font-medium hover:bg-opacity-90 transition-colors\">\n                    Inscribirme a la charla\n                <\/a>\n            <\/div>\n        <\/section>\n\n    <\/main>\n\n    <!-- Floating CTA -->\n    <a href=\"#registro\" id=\"floating-cta\" class=\"fixed bottom-6 right-6 md:bottom-8 md:right-8 z-50 bg-brand-purple text-white px-6 py-3 md:px-8 md:py-4 rounded-full font-medium shadow-2xl hover:scale-105 transition-all duration-300 opacity-0 translate-y-10 pointer-events-none flex items-center gap-2\">\n        <span>Reg\u00edstrate Gratis<\/span>\n        <svg class=\"w-5 h-5\" fill=\"none\" stroke=\"currentColor\" viewBox=\"0 0 24 24\"><path stroke-linecap=\"round\" stroke-linejoin=\"round\" stroke-width=\"2\" d=\"M14 5l7 7m0 0l-7 7m7-7H3\"><\/path><\/svg>\n    <\/a>\n\n    <!-- Scroll Logic for Floating CTA -->\n    <script>\n        document.addEventListener('DOMContentLoaded', () => {\n            const floatingCta = document.getElementById('floating-cta');\n            const registroSection = document.getElementById('registro');\n\n            window.addEventListener('scroll', () => {\n                if (!floatingCta || !registroSection) return;\n\n                const registroRect = registroSection.getBoundingClientRect();\n                \n                \/\/ Mostrar si el usuario ha bajado m\u00e1s de 300px\n                const isScrolled = window.scrollY > 300;\n                \n                \/\/ Verificar si la secci\u00f3n del formulario est\u00e1 visible en la pantalla\n                const isRegistroVisible = registroRect.top < window.innerHeight && registroRect.bottom > 0;\n\n                \/\/ El bot\u00f3n solo aparece si se scrolle\u00f3 Y el formulario NO est\u00e1 visible\n                if (isScrolled && !isRegistroVisible) {\n                    floatingCta.classList.remove('opacity-0', 'translate-y-10', 'pointer-events-none');\n                    floatingCta.classList.add('opacity-100', 'translate-y-0');\n                } else {\n                    floatingCta.classList.add('opacity-0', 'translate-y-10', 'pointer-events-none');\n                    floatingCta.classList.remove('opacity-100', 'translate-y-0');\n                }\n            });\n        });\n    <\/script>\n<\/body>\n<\/html>\t\t\t\t<\/div>\n\t\t\t\t<\/div>\n\t\t\t\t<\/div>\n\t\t","protected":false},"excerpt":{"rendered":"<p>Charla Gratuita: Lo que no te dije antes de partir | Corona Hnos. CHARLA GRATUITA La despedida no termina con un adi\u00f3s. En Corona Hnos. \u2013 Homenajes de Vida, hemos creado un espacio de encuentro y reflexi\u00f3n para acompa\u00f1arte emocionalmente en uno de los momentos m\u00e1s complejos de la vida: la p\u00e9rdida de un ser querido. Te invitamos a esta charla \u201cLo que no te dije antes de partir\u2026\u201d, un espacio para reflexionar sobre las palabras, emociones y despedidas que a veces quedan pendientes cuando alguien que amamos ya no est\u00e1. Compartiremos herramientas, respuestas y contenci\u00f3n emocional desde la experiencia y la empat\u00eda. Fecha y Hora Jueves 16 de Abril7:30 pm Transmisi\u00f3n en Vivo V\u00eda Facebook Live y Zoom Imparte Psic. Yaneth RubioEspecialista en duelos Reserva tu acceso gratuito Reg\u00edstrate en el formulario debajo y recibir\u00e1s el enlace de acceso directamente en tu correo electr\u00f3nico. Conoce a la Ponente Yaneth Rubio Enfoco mi trabajo al desarrollo individual y grupal, potenciando en las personas sus habilidades relacionales e interpersonales, con creatividad y liderazgo. Todo esto inici\u00f3 cuando me di cuenta que vivir en bienestar es posible y tom\u00e9 la decisi\u00f3n de dejar fuera de m\u00ed todo lo que no me era \u00fatil. Luego de transitar procesos de sanaci\u00f3n emocional y espiritual, puedo declarar que mi vida es armoniosa, abundante y productiva. Me he formado desde la psicolog\u00eda, la tanatolog\u00eda, la terapia familiar, el coaching de vida y la formaci\u00f3n online. Misi\u00f3n de vida: \u00abInspirar a que el amor es el reconocimiento de que no hay finales, hay nuevos comienzos.\u00bb Actualmente soy Directora de Proyectos y Consultor\u00eda para Latinoam\u00e9rica en Fundaci\u00f3n Abrazamos, desde donde se ofrece formaci\u00f3n y acompa\u00f1amiento en duelo. Escribo para publicaciones en revistas especializadas en temas de duelo, desarrollo personal y corporativo. En la atenci\u00f3n del doliente escrib\u00ed el protocolo de atenci\u00f3n de servicios funerarios y oriento la implementaci\u00f3n de Unidades de Duelo. Acompa\u00f1o desde grupos de apoyo y consulta individual a quienes transitan por el dolor de la p\u00e9rdida significativa. Acompa\u00f1arte en tu proceso es nuestra manera de honrar la memoria de quienes ya no est\u00e1n. Inscribirme a la charla Reg\u00edstrate Gratis<\/p>\n","protected":false},"author":2,"featured_media":0,"parent":0,"menu_order":0,"comment_status":"closed","ping_status":"closed","template":"elementor_canvas","meta":{"_eb_attr":"","footnotes":""},"class_list":["post-166","page","type-page","status-publish","hentry"],"_links":{"self":[{"href":"https:\/\/funerariacorona.com\/home\/wp-json\/wp\/v2\/pages\/166","targetHints":{"allow":["GET"]}}],"collection":[{"href":"https:\/\/funerariacorona.com\/home\/wp-json\/wp\/v2\/pages"}],"about":[{"href":"https:\/\/funerariacorona.com\/home\/wp-json\/wp\/v2\/types\/page"}],"author":[{"embeddable":true,"href":"https:\/\/funerariacorona.com\/home\/wp-json\/wp\/v2\/users\/2"}],"replies":[{"embeddable":true,"href":"https:\/\/funerariacorona.com\/home\/wp-json\/wp\/v2\/comments?post=166"}],"version-history":[{"count":70,"href":"https:\/\/funerariacorona.com\/home\/wp-json\/wp\/v2\/pages\/166\/revisions"}],"predecessor-version":[{"id":2808,"href":"https:\/\/funerariacorona.com\/home\/wp-json\/wp\/v2\/pages\/166\/revisions\/2808"}],"wp:attachment":[{"href":"https:\/\/funerariacorona.com\/home\/wp-json\/wp\/v2\/media?parent=166"}],"curies":[{"name":"wp","href":"https:\/\/api.w.org\/{rel}","templated":true}]}}